{"id":3249,"date":"2026-01-07T12:42:15","date_gmt":"2026-01-07T12:42:15","guid":{"rendered":"https:\/\/novatecnomallorca.com\/?page_id=3249"},"modified":"2026-01-08T14:21:11","modified_gmt":"2026-01-08T14:21:11","slug":"tienda","status":"publish","type":"page","link":"https:\/\/novatecnomallorca.com\/en\/tienda\/","title":{"rendered":"TIENDA"},"content":{"rendered":"<div data-elementor-type=\"wp-page\" data-elementor-id=\"3249\" class=\"elementor elementor-3249\" data-elementor-post-type=\"page\">\n\t\t\t\t\t\t<section class=\"elementor-section elementor-top-section elementor-element elementor-element-87d5449 elementor-section-full_width elementor-section-height-default elementor-section-height-default\" data-id=\"87d5449\" data-element_type=\"section\" data-e-type=\"section\">\n\t\t\t\t\t\t<div class=\"elementor-container elementor-column-gap-default\">\n\t\t\t\t\t<div class=\"elementor-column elementor-col-100 elementor-top-column elementor-element elementor-element-f692099\" data-id=\"f692099\" data-element_type=\"column\" data-e-type=\"column\">\n\t\t\t<div class=\"elementor-widget-wrap elementor-element-populated\">\n\t\t\t\t\t\t<div class=\"elementor-element elementor-element-62908d0 eael-product-grid-column-4 elementor-widget elementor-widget-eicon-woocommerce\" data-id=\"62908d0\" data-element_type=\"widget\" data-e-type=\"widget\" data-widget_type=\"eicon-woocommerce.default\">\n\t\t\t\t<div class=\"elementor-widget-container\">\n\t\t\t\t\t\n        <div class=\"eael-product-grid eael-product-default grid\" id=\"eael-product-grid\" data-widget-id=\"62908d0\" data-page-id=\"3249\" data-nonce=\"8edcc4f853\" >\n            <div class=\"woocommerce\">\n                <ul class=\"products eael-post-appender eael-post-appender-62908d0\" data-ssi-desktop=\"no\" data-ssi-tablet=\"no\" data-ssi-mobile=\"no\" data-layout-mode=\"grid\"><li class=\"product type-product post-3271 status-publish first instock product_cat-instalacion-de-software has-post-thumbnail shipping-taxable purchasable product-type-simple\">\n\t<a href=\"https:\/\/novatecnomallorca.com\/en\/product\/instalacion-de-programas-en-pc-office-antivirus-y-software-en-palma\/\" class=\"woocommerce-LoopProduct-link woocommerce-loop-product__link\"><img fetchpriority=\"high\" decoding=\"async\" width=\"300\" height=\"300\" src=\"https:\/\/novatecnomallorca.com\/wp-content\/uploads\/2026\/03\/instalacion-de-programas-en-mallorca-para-ordenador-windows-300x300.png\" class=\"attachment-medium size-medium\" alt=\"Instalaci\u00f3n de Programas en PC | Office, Antivirus y Software en Palma\" srcset=\"https:\/\/novatecnomallorca.com\/wp-content\/uploads\/2026\/03\/instalacion-de-programas-en-mallorca-para-ordenador-windows-300x300.png 300w, https:\/\/novatecnomallorca.com\/wp-content\/uploads\/2026\/03\/instalacion-de-programas-en-mallorca-para-ordenador-windows-150x150.png 150w, https:\/\/novatecnomallorca.com\/wp-content\/uploads\/2026\/03\/instalacion-de-programas-en-mallorca-para-ordenador-windows-768x768.png 768w, https:\/\/novatecnomallorca.com\/wp-content\/uploads\/2026\/03\/instalacion-de-programas-en-mallorca-para-ordenador-windows-12x12.png 12w, https:\/\/novatecnomallorca.com\/wp-content\/uploads\/2026\/03\/instalacion-de-programas-en-mallorca-para-ordenador-windows-600x600.png 600w, https:\/\/novatecnomallorca.com\/wp-content\/uploads\/2026\/03\/instalacion-de-programas-en-mallorca-para-ordenador-windows-100x100.png 100w, https:\/\/novatecnomallorca.com\/wp-content\/uploads\/2026\/03\/instalacion-de-programas-en-mallorca-para-ordenador-windows.png 1024w\" sizes=\"100vw\" \/><h2 class=\"woocommerce-loop-product__title\">Instalaci\u00f3n de Programas en PC | Office, Antivirus y Software en Palma<\/h2>\n\t<span class=\"price\"><span class=\"woocommerce-Price-amount amount\"><bdi>40,00&nbsp;<span class=\"woocommerce-Price-currencySymbol\">&euro;<\/span><\/bdi><\/span><\/span>\n<\/a><a href=\"\/en\/wp-json\/wp\/v2\/pages\/3249?add-to-cart=3271\" aria-describedby=\"woocommerce_loop_add_to_cart_link_describedby_3271\" data-quantity=\"1\" class=\"button product_type_simple add_to_cart_button ajax_add_to_cart\" data-product_id=\"3271\" data-product_sku=\"\" aria-label=\"Add to basket: \u201cInstalaci\u00f3n de Programas en PC | Office, Antivirus y Software en Palma\u201d\" rel=\"nofollow\" data-success_message=\"\u201cInstalaci\u00f3n de Programas en PC | Office, Antivirus y Software en Palma\u201d has been added to your cart\" role=\"button\" data-no-translation=\"\" data-trp-gettext=\"\" data-no-translation-aria-label=\"\" data-no-translation-data-success_message=\"\">Add to basket<\/a>\t<span id=\"woocommerce_loop_add_to_cart_link_describedby_3271\" class=\"screen-reader-text\">\n\t\t\t<\/span>\n<\/li>\n<li class=\"product type-product post-3269 status-publish instock product_cat-eliminacion-de-virus has-post-thumbnail shipping-taxable purchasable product-type-simple\">\n\t<a href=\"https:\/\/novatecnomallorca.com\/en\/product\/eliminacion-de-virus-y-malware-profesional\/\" class=\"woocommerce-LoopProduct-link woocommerce-loop-product__link\"><img decoding=\"async\" width=\"300\" height=\"300\" src=\"https:\/\/novatecnomallorca.com\/wp-content\/uploads\/2026\/03\/eliminacion-de-virus-ordenador-mallorca-300x300.png\" class=\"attachment-medium size-medium\" alt=\"Eliminaci\u00f3n de Virus y Malware Profesional\" srcset=\"https:\/\/novatecnomallorca.com\/wp-content\/uploads\/2026\/03\/eliminacion-de-virus-ordenador-mallorca-300x300.png 300w, https:\/\/novatecnomallorca.com\/wp-content\/uploads\/2026\/03\/eliminacion-de-virus-ordenador-mallorca-150x150.png 150w, https:\/\/novatecnomallorca.com\/wp-content\/uploads\/2026\/03\/eliminacion-de-virus-ordenador-mallorca-768x768.png 768w, https:\/\/novatecnomallorca.com\/wp-content\/uploads\/2026\/03\/eliminacion-de-virus-ordenador-mallorca-12x12.png 12w, https:\/\/novatecnomallorca.com\/wp-content\/uploads\/2026\/03\/eliminacion-de-virus-ordenador-mallorca-600x600.png 600w, https:\/\/novatecnomallorca.com\/wp-content\/uploads\/2026\/03\/eliminacion-de-virus-ordenador-mallorca-100x100.png 100w, https:\/\/novatecnomallorca.com\/wp-content\/uploads\/2026\/03\/eliminacion-de-virus-ordenador-mallorca.png 1024w\" sizes=\"100vw\" \/><h2 class=\"woocommerce-loop-product__title\">Eliminaci\u00f3n de Virus y Malware Profesional<\/h2>\n\t<span class=\"price\"><span class=\"woocommerce-Price-amount amount\"><bdi>65,00&nbsp;<span class=\"woocommerce-Price-currencySymbol\">&euro;<\/span><\/bdi><\/span><\/span>\n<\/a><a href=\"\/en\/wp-json\/wp\/v2\/pages\/3249?add-to-cart=3269\" aria-describedby=\"woocommerce_loop_add_to_cart_link_describedby_3269\" data-quantity=\"1\" class=\"button product_type_simple add_to_cart_button ajax_add_to_cart\" data-product_id=\"3269\" data-product_sku=\"\" aria-label=\"Add to basket: \u201cEliminaci\u00f3n de Virus y Malware Profesional\u201d\" rel=\"nofollow\" data-success_message=\"\u201cEliminaci\u00f3n de Virus y Malware Profesional\u201d has been added to your cart\" role=\"button\" data-no-translation=\"\" data-trp-gettext=\"\" data-no-translation-aria-label=\"\" data-no-translation-data-success_message=\"\">Add to basket<\/a>\t<span id=\"woocommerce_loop_add_to_cart_link_describedby_3269\" class=\"screen-reader-text\">\n\t\t\t<\/span>\n<\/li>\n<li class=\"product type-product post-3265 status-publish last instock product_cat-reparacion-de-ordenadores has-post-thumbnail shipping-taxable purchasable product-type-simple\">\n\t<a href=\"https:\/\/novatecnomallorca.com\/en\/product\/formateo-de-ordenadores-instalacion-windows-y-office\/\" class=\"woocommerce-LoopProduct-link woocommerce-loop-product__link\"><img decoding=\"async\" width=\"300\" height=\"300\" src=\"https:\/\/novatecnomallorca.com\/wp-content\/uploads\/2026\/03\/Formateo-de-Ordenadores-Instalacion-Windows-y-Office-Servicio-Profesional-en-Palma-300x300.png\" class=\"attachment-medium size-medium\" alt=\"FORMATEO DE ORDENADORES MALLORCA\" srcset=\"https:\/\/novatecnomallorca.com\/wp-content\/uploads\/2026\/03\/Formateo-de-Ordenadores-Instalacion-Windows-y-Office-Servicio-Profesional-en-Palma-300x300.png 300w, https:\/\/novatecnomallorca.com\/wp-content\/uploads\/2026\/03\/Formateo-de-Ordenadores-Instalacion-Windows-y-Office-Servicio-Profesional-en-Palma-150x150.png 150w, https:\/\/novatecnomallorca.com\/wp-content\/uploads\/2026\/03\/Formateo-de-Ordenadores-Instalacion-Windows-y-Office-Servicio-Profesional-en-Palma-768x768.png 768w, https:\/\/novatecnomallorca.com\/wp-content\/uploads\/2026\/03\/Formateo-de-Ordenadores-Instalacion-Windows-y-Office-Servicio-Profesional-en-Palma-12x12.png 12w, https:\/\/novatecnomallorca.com\/wp-content\/uploads\/2026\/03\/Formateo-de-Ordenadores-Instalacion-Windows-y-Office-Servicio-Profesional-en-Palma-600x600.png 600w, https:\/\/novatecnomallorca.com\/wp-content\/uploads\/2026\/03\/Formateo-de-Ordenadores-Instalacion-Windows-y-Office-Servicio-Profesional-en-Palma-100x100.png 100w, https:\/\/novatecnomallorca.com\/wp-content\/uploads\/2026\/03\/Formateo-de-Ordenadores-Instalacion-Windows-y-Office-Servicio-Profesional-en-Palma.png 1024w\" sizes=\"100vw\" \/><h2 class=\"woocommerce-loop-product__title\">Formateo de Ordenadores + Instalaci\u00f3n Windows y Office<\/h2>\n\t<span class=\"price\"><span class=\"woocommerce-Price-amount amount\"><bdi>60,00&nbsp;<span class=\"woocommerce-Price-currencySymbol\">&euro;<\/span><\/bdi><\/span><\/span>\n<\/a><a href=\"\/en\/wp-json\/wp\/v2\/pages\/3249?add-to-cart=3265\" aria-describedby=\"woocommerce_loop_add_to_cart_link_describedby_3265\" data-quantity=\"1\" class=\"button product_type_simple add_to_cart_button ajax_add_to_cart\" data-product_id=\"3265\" data-product_sku=\"\" aria-label=\"Add to basket: \u201cFormateo de Ordenadores + Instalaci\u00f3n Windows y Office\u201d\" rel=\"nofollow\" data-success_message=\"\u201cFormateo de Ordenadores + Instalaci\u00f3n Windows y Office\u201d has been added to your cart\" role=\"button\" data-no-translation=\"\" data-trp-gettext=\"\" data-no-translation-aria-label=\"\" data-no-translation-data-success_message=\"\">Add to basket<\/a>\t<span id=\"woocommerce_loop_add_to_cart_link_describedby_3265\" class=\"screen-reader-text\">\n\t\t\t<\/span>\n<\/li>\n<li class=\"product type-product post-3120 status-publish first instock product_cat-sin-categorizar has-post-thumbnail shipping-taxable purchasable product-type-simple\">\n\t<a href=\"https:\/\/novatecnomallorca.com\/en\/product\/asesoria-informatica-profesional-para-empresas-y-particulares\/\" class=\"woocommerce-LoopProduct-link woocommerce-loop-product__link\"><img loading=\"lazy\" decoding=\"async\" width=\"300\" height=\"300\" src=\"https:\/\/novatecnomallorca.com\/wp-content\/uploads\/2025\/02\/asesoria-ordenadores-mallorca-300x300.png\" class=\"attachment-medium size-medium\" alt=\"Asesor\u00eda inform\u00e1tica profesional para empresas y particulares\" srcset=\"https:\/\/novatecnomallorca.com\/wp-content\/uploads\/2025\/02\/asesoria-ordenadores-mallorca-300x300.png 300w, https:\/\/novatecnomallorca.com\/wp-content\/uploads\/2025\/02\/asesoria-ordenadores-mallorca-100x100.png 100w, https:\/\/novatecnomallorca.com\/wp-content\/uploads\/2025\/02\/asesoria-ordenadores-mallorca-150x150.png 150w, https:\/\/novatecnomallorca.com\/wp-content\/uploads\/2025\/02\/asesoria-ordenadores-mallorca-12x12.png 12w, https:\/\/novatecnomallorca.com\/wp-content\/uploads\/2025\/02\/asesoria-ordenadores-mallorca.png 500w\" sizes=\"100vw\" \/><h2 class=\"woocommerce-loop-product__title\">Asesor\u00eda inform\u00e1tica profesional para empresas y particulares<\/h2>\n\t<span class=\"price\"><span class=\"woocommerce-Price-amount amount\"><bdi>20,00&nbsp;<span class=\"woocommerce-Price-currencySymbol\">&euro;<\/span><\/bdi><\/span><\/span>\n<\/a><a href=\"\/en\/wp-json\/wp\/v2\/pages\/3249?add-to-cart=3120\" aria-describedby=\"woocommerce_loop_add_to_cart_link_describedby_3120\" data-quantity=\"1\" class=\"button product_type_simple add_to_cart_button ajax_add_to_cart\" data-product_id=\"3120\" data-product_sku=\"\" aria-label=\"Add to basket: \u201cAsesor\u00eda inform\u00e1tica profesional para empresas y particulares\u201d\" rel=\"nofollow\" data-success_message=\"\u201cAsesor\u00eda inform\u00e1tica profesional para empresas y particulares\u201d has been added to your cart\" role=\"button\" data-no-translation=\"\" data-trp-gettext=\"\" data-no-translation-aria-label=\"\" data-no-translation-data-success_message=\"\">Add to basket<\/a>\t<span id=\"woocommerce_loop_add_to_cart_link_describedby_3120\" class=\"screen-reader-text\">\n\t\t\t<\/span>\n<\/li>\n<\/ul>            <div class=\"eael-load-more-button-wrap\">\n                <button class=\"eael-load-more-button\" id=\"eael-load-more-btn-62908d0\" data-widget-id=\"62908d0\" data-widget=\"62908d0\" data-page-id=\"3249\" data-template=\"{&quot;dir&quot;:&quot;lite&quot;,&quot;file_name&quot;:&quot;default.php&quot;,&quot;name&quot;:&quot;Eicon-Woocommerce&quot;}\" data-class=\"Essential_Addons_Elementor\\Elements\\Product_Grid\" data-layout=\"grid\" data-page=\"1\" data-args=\"post_type=product&amp;post_status%5B0%5D=publish&amp;post_status%5B1%5D=pending&amp;post_status%5B2%5D=future&amp;posts_per_page=4&amp;order=desc&amp;offset=0&amp;tax_query%5Brelation%5D=AND&amp;tax_query%5B0%5D%5Btaxonomy%5D=product_visibility&amp;tax_query%5B0%5D%5Bfield%5D=name&amp;tax_query%5B0%5D%5Bterms%5D%5B0%5D=exclude-from-search&amp;tax_query%5B0%5D%5Bterms%5D%5B1%5D=exclude-from-catalog&amp;tax_query%5B0%5D%5Boperator%5D=NOT+IN&amp;meta_query%5Brelation%5D=AND&amp;orderby=date&amp;total_post=16\" data-max-page=\"4\">\n                    <span class=\"eael-btn-loader button__loader\"><\/span>\n                    <span class=\"eael_load_more_text\">Mostrar m\u00e1s<\/span>\n                <\/button>\n            <\/div>\n                        <\/div>\n        <\/div>\n\n        <script type=\"text\/javascript\">\n            jQuery(document).ready(function($) {\n                var $scope = jQuery(\".elementor-element-62908d0\");\n                var $products = $('.products', $scope);\n                var $layout_mode = $products.data('layout-mode');\n                \n                if ( $layout_mode === 'masonry' ) {\n                    \/\/ init isotope\n                    var $isotope_products = $products.isotope({\n                        itemSelector: \"li.product\",\n                        layoutMode: $layout_mode,\n                        percentPosition: true\n                    });\n\n                    $isotope_products.imagesLoaded().progress( function() {\n                        $isotope_products.isotope('layout');\n                    })\n                    \n                }\n            });\n        <\/script>\n        \t\t\t\t<\/div>\n\t\t\t\t<\/div>\n\t\t\t\t\t<\/div>\n\t\t<\/div>\n\t\t\t\t\t<\/div>\n\t\t<\/section>\n\t\t\t\t<\/div>","protected":false},"excerpt":{"rendered":"<p>Asesor\u00eda inform\u00e1tica profesional para empresas y particulares 20,00&nbsp;&euro; A\u00f1adir al carrito Edici\u00f3n profesional de podcast \u2013 Audio limpio y de calidad 20,00&nbsp;&euro; A\u00f1adir al carrito Gesti\u00f3n de redes sociales para negocios y marcas 30,00&nbsp;&euro; A\u00f1adir al carrito Edici\u00f3n de v\u00eddeos profesional para redes y empresas Valorado con 5.00 de 5 20,00&nbsp;&euro; A\u00f1adir al carrito Mostrar &hellip; <\/p>\n<p class=\"link-more\"><a href=\"https:\/\/novatecnomallorca.com\/en\/product\/asesoria-informatica-profesional-para-empresas-y-particulares\/\" class=\"more-link\">Read more<span class=\"screen-reader-text\"> \u00abAsesor\u00eda inform\u00e1tica profesional para empresas y particulares\u00bb<\/span><\/a><\/p>","protected":false},"author":1,"featured_media":0,"parent":0,"menu_order":0,"comment_status":"closed","ping_status":"closed","template":"","meta":{"_joinchat":[],"footnotes":""},"class_list":["post-3249","page","type-page","status-publish","hentry"],"_links":{"self":[{"href":"https:\/\/novatecnomallorca.com\/en\/wp-json\/wp\/v2\/pages\/3249","targetHints":{"allow":["GET"]}}],"collection":[{"href":"https:\/\/novatecnomallorca.com\/en\/wp-json\/wp\/v2\/pages"}],"about":[{"href":"https:\/\/novatecnomallorca.com\/en\/wp-json\/wp\/v2\/types\/page"}],"author":[{"embeddable":true,"href":"https:\/\/novatecnomallorca.com\/en\/wp-json\/wp\/v2\/users\/1"}],"replies":[{"embeddable":true,"href":"https:\/\/novatecnomallorca.com\/en\/wp-json\/wp\/v2\/comments?post=3249"}],"version-history":[{"count":13,"href":"https:\/\/novatecnomallorca.com\/en\/wp-json\/wp\/v2\/pages\/3249\/revisions"}],"predecessor-version":[{"id":3264,"href":"https:\/\/novatecnomallorca.com\/en\/wp-json\/wp\/v2\/pages\/3249\/revisions\/3264"}],"wp:attachment":[{"href":"https:\/\/novatecnomallorca.com\/en\/wp-json\/wp\/v2\/media?parent=3249"}],"curies":[{"name":"wp","href":"https:\/\/api.w.org\/{rel}","templated":true}]}}