{"id":207,"date":"2022-08-10T21:35:38","date_gmt":"2022-08-10T21:35:38","guid":{"rendered":"https:\/\/novatecnomallorca.com\/?post_type=product&#038;p=207"},"modified":"2026-01-07T13:18:25","modified_gmt":"2026-01-07T13:18:25","slug":"diseno-de-logotipos-profesionales-y-personalizados","status":"publish","type":"product","link":"https:\/\/novatecnomallorca.com\/en\/product\/diseno-de-logotipos-profesionales-y-personalizados\/","title":{"rendered":"Dise\u00f1o de logotipos profesionales y personalizados"},"content":{"rendered":"<p>En nuestro servicio de <strong>Logo Design<\/strong> te ofrecemos soluciones creativas y personalizadas para tu marca. Un buen dise\u00f1o es crucial para transmitir la identidad de tu empresa y conectar emocionalmente con tu p\u00fablico. Trabajamos contigo para crear un logo \u00fanico que refleje los valores y la visi\u00f3n de tu negocio, asegur\u00e1ndonos de que tu imagen visual se destaque y sea memorable. Ya sea para una tienda online, una empresa o un proyecto personal, nuestro equipo de dise\u00f1adores se enfoca en entregar una propuesta que resuene con la esencia de tu marca y la haga inolvidable para tus clientes.<\/p>\n<p>&nbsp;<\/p>","protected":false},"excerpt":{"rendered":"<p>Creemos en el poder de un <strong>Logo Design<\/strong> \u00fanico y original que refleje la identidad de tu marca. Nuestro equipo de dise\u00f1adores trabajar\u00e1 para crear una imagen visual que sea impactante, memorable y que conecte con tu p\u00fablico. \u00a1Haz que tu marca se destaque con un logo profesional y personalizado!<\/p>\n<p>&nbsp;<\/p>","protected":false},"featured_media":2359,"comment_status":"open","ping_status":"closed","template":"","meta":{"_joinchat":[]},"product_brand":[],"product_cat":[16],"product_tag":[52,50,65,49,64,51,63],"class_list":{"0":"post-207","1":"product","2":"type-product","3":"status-publish","4":"has-post-thumbnail","6":"product_cat-sin-categorizar","7":"product_tag-brand","8":"product_tag-diseno-de-logos","9":"product_tag-diseno-de-logos-en-espana","10":"product_tag-logos","11":"product_tag-logos-palma-de-mallorca","12":"product_tag-logos-profesionales","13":"product_tag-marcas","15":"first","16":"instock","17":"shipping-taxable","18":"purchasable","19":"product-type-simple"},"_links":{"self":[{"href":"https:\/\/novatecnomallorca.com\/en\/wp-json\/wp\/v2\/product\/207","targetHints":{"allow":["GET"]}}],"collection":[{"href":"https:\/\/novatecnomallorca.com\/en\/wp-json\/wp\/v2\/product"}],"about":[{"href":"https:\/\/novatecnomallorca.com\/en\/wp-json\/wp\/v2\/types\/product"}],"replies":[{"embeddable":true,"href":"https:\/\/novatecnomallorca.com\/en\/wp-json\/wp\/v2\/comments?post=207"}],"wp:featuredmedia":[{"embeddable":true,"href":"https:\/\/novatecnomallorca.com\/en\/wp-json\/wp\/v2\/media\/2359"}],"wp:attachment":[{"href":"https:\/\/novatecnomallorca.com\/en\/wp-json\/wp\/v2\/media?parent=207"}],"wp:term":[{"taxonomy":"product_brand","embeddable":true,"href":"https:\/\/novatecnomallorca.com\/en\/wp-json\/wp\/v2\/product_brand?post=207"},{"taxonomy":"product_cat","embeddable":true,"href":"https:\/\/novatecnomallorca.com\/en\/wp-json\/wp\/v2\/product_cat?post=207"},{"taxonomy":"product_tag","embeddable":true,"href":"https:\/\/novatecnomallorca.com\/en\/wp-json\/wp\/v2\/product_tag?post=207"}],"curies":[{"name":"wp","href":"https:\/\/api.w.org\/{rel}","templated":true}]}}