{"id":209,"date":"2022-08-10T22:22:15","date_gmt":"2022-08-10T22:22:15","guid":{"rendered":"https:\/\/novatecnomallorca.com\/?post_type=product&#038;p=209"},"modified":"2026-03-21T14:14:55","modified_gmt":"2026-03-21T14:14:55","slug":"reparacion-y-mantenimiento-de-impresoras","status":"publish","type":"product","link":"https:\/\/novatecnomallorca.com\/en\/product\/reparacion-y-mantenimiento-de-impresoras\/","title":{"rendered":"Reparaci\u00f3n de Impresoras en Palma | Servicio T\u00e9cnico Profesional"},"content":{"rendered":"<p data-start=\"431\" data-end=\"507\"><strong data-start=\"431\" data-end=\"507\">Reparaci\u00f3n de Impresoras en Palma de Mallorca \u2013 R\u00e1pida y Profesional<\/strong><\/p>\n<p data-start=\"509\" data-end=\"691\">En <strong data-start=\"512\" data-end=\"535\">Nova Tecno Mallorca<\/strong> ofrecemos un servicio t\u00e9cnico especializado en la <strong data-start=\"586\" data-end=\"614\">reparaci\u00f3n de impresoras<\/strong>, solucionando todo tipo de fallos para que vuelvas a imprimir sin problemas.<\/p>\n<h3 data-section-id=\"1ro92m1\" data-start=\"698\" data-end=\"740\">Problemas comunes que solucionamos:<\/h3>\n<ul data-start=\"741\" data-end=\"934\">\n<li data-section-id=\"j3utvz\" data-start=\"741\" data-end=\"768\">La impresora no imprime<\/li>\n<li data-section-id=\"jkqyif\" data-start=\"769\" data-end=\"800\">Atascos de papel frecuentes<\/li>\n<li data-section-id=\"1hj5l4d\" data-start=\"801\" data-end=\"841\">Problemas de conexi\u00f3n (WiFi o cable)<\/li>\n<li data-section-id=\"1x9qv1f\" data-start=\"842\" data-end=\"871\">Baja calidad de impresi\u00f3n<\/li>\n<li data-section-id=\"wbg9zx\" data-start=\"872\" data-end=\"905\">Errores del sistema o drivers<\/li>\n<li data-section-id=\"rmhkcn\" data-start=\"906\" data-end=\"934\">Cartuchos no reconocidos<\/li>\n<\/ul>\n<h3 data-section-id=\"1b1iabr\" data-start=\"941\" data-end=\"973\">\u00bfQu\u00e9 incluye el servicio?<\/h3>\n<ul data-start=\"975\" data-end=\"1185\">\n<li data-section-id=\"12lwfff\" data-start=\"975\" data-end=\"1005\"><strong data-start=\"977\" data-end=\"1005\">Diagn\u00f3stico del problema<\/strong><\/li>\n<li data-section-id=\"1dh8fqx\" data-start=\"1006\" data-end=\"1057\"><strong data-start=\"1008\" data-end=\"1057\">Reparaci\u00f3n de fallos mec\u00e1nicos y electr\u00f3nicos<\/strong><\/li>\n<li data-section-id=\"1cmhjyk\" data-start=\"1058\" data-end=\"1103\"><strong data-start=\"1060\" data-end=\"1103\">Configuraci\u00f3n y conexi\u00f3n a dispositivos<\/strong><\/li>\n<li data-section-id=\"1uw09hl\" data-start=\"1104\" data-end=\"1143\"><strong data-start=\"1106\" data-end=\"1143\">Instalaci\u00f3n de drivers y software<\/strong><\/li>\n<li data-section-id=\"mipg7q\" data-start=\"1144\" data-end=\"1185\"><strong data-start=\"1146\" data-end=\"1185\">Pruebas de funcionamiento completas<\/strong><\/li>\n<\/ul>\n<h3 data-section-id=\"1cnjegy\" data-start=\"1192\" data-end=\"1222\">\u00a0Servicio r\u00e1pido en Palma<\/h3>\n<p data-start=\"1224\" data-end=\"1336\">Sabemos que tu impresora es importante para tu trabajo o casa, por eso ofrecemos soluciones r\u00e1pidas y efectivas.<\/p>\n<hr data-start=\"1338\" data-end=\"1341\" \/>\n<h3 data-section-id=\"1xpr1ek\" data-start=\"1343\" data-end=\"1374\">T\u00e9cnicos especializados<\/h3>\n<p data-start=\"1376\" data-end=\"1445\">Contamos con experiencia en m\u00faltiples marcas y modelos de impresoras.<\/p>\n<hr data-start=\"1447\" data-end=\"1450\" \/>\n<h3 data-section-id=\"1yypgc3\" data-start=\"1452\" data-end=\"1479\">Garant\u00eda del servicio<\/h3>\n<p data-start=\"1481\" data-end=\"1534\">Incluimos <strong data-start=\"1491\" data-end=\"1512\">1 mes de garant\u00eda<\/strong> para tu tranquilidad.<\/p>","protected":false},"excerpt":{"rendered":"<p data-start=\"226\" data-end=\"381\"><strong data-start=\"226\" data-end=\"381\">Reparamos impresoras r\u00e1pidamente en Palma de Mallorca. Solucionamos fallos de impresi\u00f3n, conexi\u00f3n y hardware. Atenci\u00f3n profesional y garant\u00eda incluida.<\/strong><\/p>","protected":false},"featured_media":627,"comment_status":"open","ping_status":"closed","template":"","meta":{"_joinchat":[]},"product_brand":[],"product_cat":[77],"product_tag":[],"class_list":{"0":"post-209","1":"product","2":"type-product","3":"status-publish","4":"has-post-thumbnail","6":"product_cat-reparacion-de-impresoras","8":"first","9":"instock","10":"shipping-taxable","11":"purchasable","12":"product-type-simple"},"_links":{"self":[{"href":"https:\/\/novatecnomallorca.com\/en\/wp-json\/wp\/v2\/product\/209","targetHints":{"allow":["GET"]}}],"collection":[{"href":"https:\/\/novatecnomallorca.com\/en\/wp-json\/wp\/v2\/product"}],"about":[{"href":"https:\/\/novatecnomallorca.com\/en\/wp-json\/wp\/v2\/types\/product"}],"replies":[{"embeddable":true,"href":"https:\/\/novatecnomallorca.com\/en\/wp-json\/wp\/v2\/comments?post=209"}],"wp:featuredmedia":[{"embeddable":true,"href":"https:\/\/novatecnomallorca.com\/en\/wp-json\/wp\/v2\/media\/627"}],"wp:attachment":[{"href":"https:\/\/novatecnomallorca.com\/en\/wp-json\/wp\/v2\/media?parent=209"}],"wp:term":[{"taxonomy":"product_brand","embeddable":true,"href":"https:\/\/novatecnomallorca.com\/en\/wp-json\/wp\/v2\/product_brand?post=209"},{"taxonomy":"product_cat","embeddable":true,"href":"https:\/\/novatecnomallorca.com\/en\/wp-json\/wp\/v2\/product_cat?post=209"},{"taxonomy":"product_tag","embeddable":true,"href":"https:\/\/novatecnomallorca.com\/en\/wp-json\/wp\/v2\/product_tag?post=209"}],"curies":[{"name":"wp","href":"https:\/\/api.w.org\/{rel}","templated":true}]}}