{"id":2451,"date":"2023-08-03T17:16:30","date_gmt":"2023-08-03T17:16:30","guid":{"rendered":"https:\/\/novatecnomallorca.com\/?post_type=product&#038;p=2451"},"modified":"2026-01-07T13:20:37","modified_gmt":"2026-01-07T13:20:37","slug":"gestion-de-redes-sociales-para-negocios-y-marcas","status":"publish","type":"product","link":"https:\/\/novatecnomallorca.com\/en\/product\/gestion-de-redes-sociales-para-negocios-y-marcas\/","title":{"rendered":"Gesti\u00f3n de redes sociales para negocios y marcas"},"content":{"rendered":"<p>\u00bfQu\u00e9 obtienes al confiar en nosotros? \u00a1Resultados comprobados! Aumentaremos tu visibilidad, potenciaremos el engagement con tu audiencia y te ayudaremos a convertir seguidores en clientes leales. No se trata solo de publicaciones, es una estrategia integral para alcanzar tus objetivos.<\/p>\n<p>\u00bfPor qu\u00e9 somos diferentes? Nuestro enfoque es completamente personalizado. Entendemos que cada negocio es \u00fanico, por lo que creamos estrategias adaptadas a tus necesidades y a tu p\u00fablico objetivo.<\/p>\n<p>La gesti\u00f3n de redes sociales no se trata solo de hacer publicaciones bonitas, se trata de conectar con tu audiencia de manera aut\u00e9ntica. Nos encargaremos de crear contenido relevante y atractivo que resuene con tu comunidad.<\/p>\n<p>Adem\u00e1s, te mantendremos al tanto de cada paso que damos. Nuestra transparencia en la comunicaci\u00f3n es la base de una relaci\u00f3n s\u00f3lida y de confianza.<\/p>\n<p>\u00a1No esperes m\u00e1s para destacar en el mundo digital! Deja que nuestros expertos en Gesti\u00f3n de Redes Sociales te lleven al siguiente nivel. \u00a1Contacta con nosotros y comencemos a crear juntos una estrategia que marque la diferencia!<\/p>","protected":false},"excerpt":{"rendered":"<p>\u00a1Potencia tu presencia en l\u00ednea con nuestra experiencia en Gesti\u00f3n de Redes Sociales!<\/p>\n<p>Do you want to stand out on social networks and achieve the digital success that your business deserves? You are in the right place! Our team of Social Media Management experts is ready to propel your brand to new horizons.<\/p>\n<p>&nbsp;<\/p>","protected":false},"featured_media":2417,"comment_status":"open","ping_status":"closed","template":"","meta":{"_joinchat":[]},"product_brand":[],"product_cat":[16],"product_tag":[],"class_list":{"0":"post-2451","1":"product","2":"type-product","3":"status-publish","4":"has-post-thumbnail","6":"product_cat-sin-categorizar","8":"first","9":"instock","10":"shipping-taxable","11":"purchasable","12":"product-type-simple"},"_links":{"self":[{"href":"https:\/\/novatecnomallorca.com\/en\/wp-json\/wp\/v2\/product\/2451","targetHints":{"allow":["GET"]}}],"collection":[{"href":"https:\/\/novatecnomallorca.com\/en\/wp-json\/wp\/v2\/product"}],"about":[{"href":"https:\/\/novatecnomallorca.com\/en\/wp-json\/wp\/v2\/types\/product"}],"replies":[{"embeddable":true,"href":"https:\/\/novatecnomallorca.com\/en\/wp-json\/wp\/v2\/comments?post=2451"}],"wp:featuredmedia":[{"embeddable":true,"href":"https:\/\/novatecnomallorca.com\/en\/wp-json\/wp\/v2\/media\/2417"}],"wp:attachment":[{"href":"https:\/\/novatecnomallorca.com\/en\/wp-json\/wp\/v2\/media?parent=2451"}],"wp:term":[{"taxonomy":"product_brand","embeddable":true,"href":"https:\/\/novatecnomallorca.com\/en\/wp-json\/wp\/v2\/product_brand?post=2451"},{"taxonomy":"product_cat","embeddable":true,"href":"https:\/\/novatecnomallorca.com\/en\/wp-json\/wp\/v2\/product_cat?post=2451"},{"taxonomy":"product_tag","embeddable":true,"href":"https:\/\/novatecnomallorca.com\/en\/wp-json\/wp\/v2\/product_tag?post=2451"}],"curies":[{"name":"wp","href":"https:\/\/api.w.org\/{rel}","templated":true}]}}