{"id":2978,"date":"2025-01-21T10:49:40","date_gmt":"2025-01-21T10:49:40","guid":{"rendered":"https:\/\/novatecnomallorca.com\/?post_type=product&#038;p=2978"},"modified":"2026-01-07T13:07:34","modified_gmt":"2026-01-07T13:07:34","slug":"edicion-profesional-de-podcast-audio-limpio-y-de-calidad","status":"publish","type":"product","link":"https:\/\/novatecnomallorca.com\/en\/product\/edicion-profesional-de-podcast-audio-limpio-y-de-calidad\/","title":{"rendered":"Edici\u00f3n profesional de podcast \u2013 Audio limpio y de calidad"},"content":{"rendered":"<h4><strong>\u00bfQu\u00e9 Incluye Nuestro Servicio?<\/strong><\/h4>\n<ul>\n<li><strong>Mejora de Calidad de Audio:<\/strong> Eliminaci\u00f3n de ruidos de fondo, ajustes de tono y ecualizaci\u00f3n para un sonido limpio y claro.<\/li>\n<li><strong>Edici\u00f3n de Contenido:<\/strong> Recorte de pausas largas, errores y repeticiones para un flujo din\u00e1mico y profesional.<\/li>\n<li><strong>Inserci\u00f3n de Efectos y M\u00fasica:<\/strong> Mezclamos intros, outros y m\u00fasica de fondo sin afectar la calidad de la voz.<\/li>\n<li><strong>Ajuste de Vol\u00famenes:<\/strong> Nivelaci\u00f3n de todas las pistas para una experiencia auditiva uniforme.<\/li>\n<li><strong>Producci\u00f3n Completa:<\/strong> Entrega de un archivo final listo para ser publicado en cualquier plataforma de podcast.<\/li>\n<\/ul>\n<h4><strong>Por Qu\u00e9 Elegirnos<\/strong><\/h4>\n<ul>\n<li><strong>Calidad Profesional:<\/strong> Usamos herramientas de edici\u00f3n avanzadas para un sonido de nivel estudio.<\/li>\n<li><strong>Adaptaci\u00f3n a tu Estilo:<\/strong> Respetamos el tono y formato de tu podcast para mantener tu identidad.<\/li>\n<li><strong>R\u00e1pida Entrega:<\/strong> Cumplimos con los plazos sin comprometer la calidad.<\/li>\n<\/ul>","protected":false},"excerpt":{"rendered":"<p>Con la edici\u00f3n de podcast destaque con una edici\u00f3n de audio impecable y profesional. Nuestro servicio est\u00e1 dise\u00f1ado para garantizar que cada episodio tenga la m\u00e1xima calidad de sonido, ofreciendo una experiencia auditiva atractiva y fluida para tu audiencia.<\/p>","protected":false},"featured_media":2980,"comment_status":"open","ping_status":"closed","template":"","meta":{"_joinchat":[]},"product_brand":[],"product_cat":[16],"product_tag":[],"class_list":{"0":"post-2978","1":"product","2":"type-product","3":"status-publish","4":"has-post-thumbnail","6":"product_cat-sin-categorizar","8":"first","9":"instock","10":"shipping-taxable","11":"purchasable","12":"product-type-simple"},"_links":{"self":[{"href":"https:\/\/novatecnomallorca.com\/en\/wp-json\/wp\/v2\/product\/2978","targetHints":{"allow":["GET"]}}],"collection":[{"href":"https:\/\/novatecnomallorca.com\/en\/wp-json\/wp\/v2\/product"}],"about":[{"href":"https:\/\/novatecnomallorca.com\/en\/wp-json\/wp\/v2\/types\/product"}],"replies":[{"embeddable":true,"href":"https:\/\/novatecnomallorca.com\/en\/wp-json\/wp\/v2\/comments?post=2978"}],"wp:featuredmedia":[{"embeddable":true,"href":"https:\/\/novatecnomallorca.com\/en\/wp-json\/wp\/v2\/media\/2980"}],"wp:attachment":[{"href":"https:\/\/novatecnomallorca.com\/en\/wp-json\/wp\/v2\/media?parent=2978"}],"wp:term":[{"taxonomy":"product_brand","embeddable":true,"href":"https:\/\/novatecnomallorca.com\/en\/wp-json\/wp\/v2\/product_brand?post=2978"},{"taxonomy":"product_cat","embeddable":true,"href":"https:\/\/novatecnomallorca.com\/en\/wp-json\/wp\/v2\/product_cat?post=2978"},{"taxonomy":"product_tag","embeddable":true,"href":"https:\/\/novatecnomallorca.com\/en\/wp-json\/wp\/v2\/product_tag?post=2978"}],"curies":[{"name":"wp","href":"https:\/\/api.w.org\/{rel}","templated":true}]}}