{"id":367,"date":"2022-09-07T16:45:50","date_gmt":"2022-09-07T16:45:50","guid":{"rendered":"https:\/\/novatecnomallorca.com\/?post_type=product&#038;p=367"},"modified":"2026-01-07T13:10:02","modified_gmt":"2026-01-07T13:10:02","slug":"edicion-de-videos-profesional-para-redes-y-empresas","status":"publish","type":"product","link":"https:\/\/novatecnomallorca.com\/en\/product\/edicion-de-videos-profesional-para-redes-y-empresas\/","title":{"rendered":"Edici\u00f3n de v\u00eddeos profesional para redes y empresas"},"content":{"rendered":"<h3>Servicio Profesional de Edici\u00f3n y Grabaci\u00f3n de Video en Mallorca<\/h3>\n<p>\u00bfBuscas destacar con contenido audiovisual impactante? Ofrecemos <strong>servicios de grabaci\u00f3n y edici\u00f3n de video<\/strong> en Mallorca, adaptados a tus necesidades y objetivos.<\/p>\n<h4><strong>Lo Que Ofrecemos<\/strong><\/h4>\n<ul>\n<li><strong>Edici\u00f3n de video para presentaciones:<\/strong> Ideal para PowerPoint, con transiciones fluidas, gr\u00e1ficos animados y textos llamativos.<\/li>\n<li><strong>Videos corporativos y educativos:<\/strong> Desde videos promocionales hasta grabaciones para cursos, con o sin presentador.<\/li>\n<li><strong>Mejora de calidad de audio y video:<\/strong> Ajustes de voz, mejora de tonos y eliminaci\u00f3n de ruidos para un resultado profesional.<\/li>\n<li><strong>Integraci\u00f3n de personas en video:<\/strong> A\u00f1ade un presentador al lado de la presentaci\u00f3n, en c\u00edrculo o con estilos personalizados.<\/li>\n<li><strong>Transiciones y efectos:<\/strong> Videos din\u00e1micos y atractivos que capturan la atenci\u00f3n.<\/li>\n<\/ul>\n<h4><strong>Tipos de Proyectos que Realizamos<\/strong><\/h4>\n<ul>\n<li>Presentaciones corporativas.<\/li>\n<li>Videos para redes sociales.<\/li>\n<li>Material educativo o formativo.<\/li>\n<li>Contenido para empresas de diferentes sectores, como inmobiliarias, consultor\u00edas y auditor\u00edas.<\/li>\n<\/ul>\n<h4><strong>Por Qu\u00e9 Elegirnos<\/strong><\/h4>\n<ul>\n<li><strong>Adaptaci\u00f3n Total:<\/strong> Personalizamos cada proyecto seg\u00fan tus objetivos.<\/li>\n<li><strong>Calidad Garantizada:<\/strong> Equipos y software de \u00faltima tecnolog\u00eda.<\/li>\n<li><strong>Experiencia Local:<\/strong> Conocemos Mallorca y optimizamos tu contenido para conectar con tu audiencia.<\/li>\n<\/ul>\n<div style=\"width: 950px;\" class=\"wp-video\"><video class=\"wp-video-shortcode\" id=\"video-367-1\" width=\"950\" height=\"950\" preload=\"metadata\" controls=\"controls\"><source type=\"video\/mp4\" src=\"https:\/\/novatecnomallorca.com\/wp-content\/uploads\/2022\/09\/Edicion.mp4?_=1\" \/><a href=\"https:\/\/novatecnomallorca.com\/wp-content\/uploads\/2022\/09\/Edicion.mp4\">https:\/\/novatecnomallorca.com\/wp-content\/uploads\/2022\/09\/Edicion.mp4<\/a><\/video><\/div>","protected":false},"excerpt":{"rendered":"<p data-start=\"1194\" data-end=\"1334\">Editamos tus v\u00eddeos con cortes din\u00e1micos, m\u00fasica, textos y efectos para que impacten y comuniquen mejor tu mensaje.<\/p>\n<p data-start=\"1194\" data-end=\"1334\">Precio\/ 20\u20ac Hora<\/p>","protected":false},"featured_media":2968,"comment_status":"open","ping_status":"closed","template":"","meta":{"_joinchat":{"telephone":"+34691818276"}},"product_brand":[],"product_cat":[16],"product_tag":[],"class_list":{"0":"post-367","1":"product","2":"type-product","3":"status-publish","4":"has-post-thumbnail","6":"product_cat-sin-categorizar","8":"first","9":"instock","10":"shipping-taxable","11":"purchasable","12":"product-type-simple"},"_links":{"self":[{"href":"https:\/\/novatecnomallorca.com\/en\/wp-json\/wp\/v2\/product\/367","targetHints":{"allow":["GET"]}}],"collection":[{"href":"https:\/\/novatecnomallorca.com\/en\/wp-json\/wp\/v2\/product"}],"about":[{"href":"https:\/\/novatecnomallorca.com\/en\/wp-json\/wp\/v2\/types\/product"}],"replies":[{"embeddable":true,"href":"https:\/\/novatecnomallorca.com\/en\/wp-json\/wp\/v2\/comments?post=367"}],"wp:featuredmedia":[{"embeddable":true,"href":"https:\/\/novatecnomallorca.com\/en\/wp-json\/wp\/v2\/media\/2968"}],"wp:attachment":[{"href":"https:\/\/novatecnomallorca.com\/en\/wp-json\/wp\/v2\/media?parent=367"}],"wp:term":[{"taxonomy":"product_brand","embeddable":true,"href":"https:\/\/novatecnomallorca.com\/en\/wp-json\/wp\/v2\/product_brand?post=367"},{"taxonomy":"product_cat","embeddable":true,"href":"https:\/\/novatecnomallorca.com\/en\/wp-json\/wp\/v2\/product_cat?post=367"},{"taxonomy":"product_tag","embeddable":true,"href":"https:\/\/novatecnomallorca.com\/en\/wp-json\/wp\/v2\/product_tag?post=367"}],"curies":[{"name":"wp","href":"https:\/\/api.w.org\/{rel}","templated":true}]}}